{"id":33,"date":"2007-06-30T10:29:13","date_gmt":"2007-06-30T08:29:13","guid":{"rendered":"http:\/\/knitaholic.de\/?page_id=33"},"modified":"2007-06-30T10:31:17","modified_gmt":"2007-06-30T08:31:17","slug":"impressum","status":"publish","type":"page","link":"https:\/\/www.knitaholic.de\/?page_id=33","title":{"rendered":"Impressum"},"content":{"rendered":"<p>Impressum<\/p>\n<p>F\u00fcr: knitaholic.de<\/p>\n<p>Gem\u00e4\u00df \u00c2\u00a7 28 BDSG widerspreche ich jeder kommerziellen Verwendung und Weitergabe meiner Daten. <\/p>\n<p>Verantwortungsbereich:<br \/>\nDas Impressum gilt nur f\u00fcr die Internetpr\u00e4senz unter der Adresse: www.knitaholic.de<br \/>\nVerantwortliche Ansprechperson:<br \/>\nSilke Ultze<br \/>\nAnschrift:<br \/>\nIlenbrook 12, 21107 Hamburg<br \/>\nelektronische Postadresse:<br \/>\nultze @ deichrand.de<br \/>\nJournalistisch-redaktionelle Verantwortung:<br \/>\nSilke Ultze<\/p>\n<p>Urheberschutz und Nutzung<\/p>\n<p>\u00e2\u20ac\u00a8Der Urheber r\u00e4umt Ihnen ganz konkret das Nutzungsrecht ein, sich eine private Kopie f\u00fcr pers\u00f6nliche Zwecke anzufertigen. Nicht berechtigt sind Sie dagegen, die Materialien zu ver\u00e4ndern und \/oder weiter zu geben oder gar selbst zu ver\u00f6ffentlichen. \u00e2\u20ac\u00a8Wenn nicht ausdr\u00fccklich anders vermerkt, liegen die Urheberrechte f\u00fcr Texte bei: Carsten Lenz<br \/>\nDatenschutz Personenbezogene Daten werden nur mit Ihrem Wissen und Ihrer Einwilligung erhoben. Auf Antrag erhalten Sie unentgeltlich Auskunft zu den \u00fcber Sie gespeicherten personenbezogenen Daten. Wenden Sie sich dazu bitte an: clenz @ gmx.net<br \/>\nKeine Haftung: Die Inhalte dieses Webprojektes wurden sorgf\u00e4ltig gepr\u00fcft und nach bestem Wissen erstellt. Aber f\u00fcr die hier dargebotenen Informationen wird kein Anspruch auf Vollst\u00e4ndigkeit, Aktualit\u00e4t, Qualit\u00e4t und Richtigkeit erhoben. Es kann keine Verantwortung f\u00fcr Sch\u00e4den \u00fcbernommen werden, die durch das Vertrauen auf die Inhalte dieser Website oder deren Gebrauch entstehen.<br \/>\nSchutzrechtsverletzung: Falls Sie vermuten, dass von dieser Website aus eines Ihrer Schutzrechte verletzt wird, teilen Sie das bitte umgehend per elektronischer Post mit, damit z\u00fcgig Abhilfe geschafft werden kann. Bitte nehmen Sie zur Kenntnis: Die zeitaufw\u00e4ndigere Einschaltung eines Anwaltes zur f\u00fcr den Diensteanbieter kostenpflichtigen Abmahnung entspricht nicht dessen wirklichen oder mutma\u00dflichen Willen.<\/p>\n","protected":false},"excerpt":{"rendered":"<p>Impressum F\u00fcr: knitaholic.de Gem\u00e4\u00df \u00c2\u00a7 28 BDSG widerspreche ich jeder kommerziellen Verwendung und Weitergabe meiner Daten. Verantwortungsbereich: Das Impressum gilt nur f\u00fcr die Internetpr\u00e4senz unter der Adresse: www.knitaholic.de Verantwortliche Ansprechperson: Silke Ultze Anschrift: Ilenbrook 12, 21107 Hamburg elektronische Postadresse: ultze @ deichrand.de Journalistisch-redaktionelle Verantwortung: Silke Ultze Urheberschutz und Nutzung \u00e2\u20ac\u00a8Der Urheber r\u00e4umt Ihnen ganz konkret [&hellip;]<\/p>\n","protected":false},"author":2,"featured_media":0,"parent":0,"menu_order":0,"comment_status":"closed","ping_status":"closed","template":"","meta":{"footnotes":""},"class_list":["post-33","page","type-page","status-publish","hentry"],"_links":{"self":[{"href":"https:\/\/www.knitaholic.de\/index.php?rest_route=\/wp\/v2\/pages\/33","targetHints":{"allow":["GET"]}}],"collection":[{"href":"https:\/\/www.knitaholic.de\/index.php?rest_route=\/wp\/v2\/pages"}],"about":[{"href":"https:\/\/www.knitaholic.de\/index.php?rest_route=\/wp\/v2\/types\/page"}],"author":[{"embeddable":true,"href":"https:\/\/www.knitaholic.de\/index.php?rest_route=\/wp\/v2\/users\/2"}],"replies":[{"embeddable":true,"href":"https:\/\/www.knitaholic.de\/index.php?rest_route=%2Fwp%2Fv2%2Fcomments&post=33"}],"version-history":[{"count":0,"href":"https:\/\/www.knitaholic.de\/index.php?rest_route=\/wp\/v2\/pages\/33\/revisions"}],"wp:attachment":[{"href":"https:\/\/www.knitaholic.de\/index.php?rest_route=%2Fwp%2Fv2%2Fmedia&parent=33"}],"curies":[{"name":"wp","href":"https:\/\/api.w.org\/{rel}","templated":true}]}}