{"id":4,"date":"2007-06-11T06:57:25","date_gmt":"2007-06-11T04:57:25","guid":{"rendered":"http:\/\/knitaholic.de\/?page_id=4"},"modified":"2017-03-03T22:37:15","modified_gmt":"2017-03-03T20:37:15","slug":"nicht-ganz-100-dinge","status":"publish","type":"page","link":"https:\/\/www.knitaholic.de\/?page_id=4","title":{"rendered":"Nicht ganz 100 Dinge&#8230;."},"content":{"rendered":"<p>1.  Ich bin im s\u00fcdwestlichsten Zipfel Deutschlands geboren und aufgewachsen.<br \/>\n2.  Ich habe ein Nordlicht geheiratet.<br \/>\n3.  Dieses Nordlichtes wegen bin ich nach Hamburg gezogen.<br \/>\n4.  Ich habe Jahre gebraucht, um mich an\u00b4s Stadtleben zu gew\u00f6hnen.<br \/>\n5.  Jetzt m\u00f6chte ich das Stadtleben nicht mehr missen, besonders die Strandclubs \ud83d\ude09<br \/>\n6.  Wir haben in einem Strandclub geheiratet.<br \/>\n7.  Ich habe ungef\u00e4hr 97 Allergien, aber Gottseidank nicht gegen Wolle.<br \/>\n8.  Ich stricke ca. seit ich sechs bin.<br \/>\n9.  Damals habe ich unz\u00e4hlige Barbiekleider und -utensilien gestrickt.<br \/>\n10.Meine Strickkunst d\u00fcmpelte Jahrzehnte vor sich hin.<br \/>\n11.In dieser Zeit habe ich nur kastige Pullis, Schals und langweilige Socken gestrickt.<br \/>\n12.Dann entdeckte ich das Internet als Inspirationsquelle.<br \/>\n13.Seitdem weigert sich meine Mutter, etwas f\u00fcr mich zu stricken &#8211; sie sagt, ich k\u00f6nne das  ohnehin viel besser.<br \/>\n14.Ich hasse es, Strickst\u00fccke zusammenzun\u00e4hen.<br \/>\n15.Deswegen liebe ich Elizabeth Zimmermann.<br \/>\n16.I\u00b4m a Mac Person.<br \/>\n17.In unserem Haushalt gibt es <del datetime=\"2008-06-29T10:52:23+00:00\">drei<\/del> vier Macs.<br \/>\n18.Die nenne ich liebevoll Apfelkistchen.<br \/>\n19.Mein Mann findet das gar nicht lustig&#8230;<br \/>\n20.Wir schauen englischsprachige Filme und Serien immer im Original.<br \/>\n21.Ich kann supergut englisch&#8230;<br \/>\n22&#8230;.war aber noch nie in einem englischsprachigen Land.<br \/>\n23.Das m\u00f6chte ich unbedingt nachholen.<br \/>\n24.Meine fertigen Strickst\u00fccke liegen meistens wochenlang rum, bevor ich die F\u00e4den vern\u00e4he.<br \/>\n25.Manchmal sind es auch Monate&#8230;<br \/>\n26.Seit einem Jahr versuche ich mich in der hohen Kunst des Spinnens.<br \/>\n27.Bisher allerdings mit m\u00e4\u00dfigem Erfolg&#8230;<br \/>\n28.Ich bin eine unverbesserliche Naschkatze.<br \/>\n29. Ich esse t\u00e4glich mindestens einen Apfel.<br \/>\n30.Ich bin eine Kaffeetante, trinke seit der Schwangerschaft aber fast nur noch koffeinfreien, weil ich sonst nicht mehr schlafen kann.<br \/>\n31.Ich versuche, keinen TATORT zu verpassen.<br \/>\n32.Ich will Kain + Ehrlicher zur\u00fcckhaben&#8230;<br \/>\n33. Ich spiele leidenschaftlich gern Ukulele.<br \/>\n34. Davon besitze ich zwei, eine in Sopran- und eine in Konzertmensur.<br \/>\n35. Ich lese viel.<br \/>\n36. Ich muss von einem Autor immer alle B\u00fccher hintereinander lesen, derer ich habhaft werden kann.<br \/>\n37. Mein Musikgeschmack reicht von Bach bis Zappa.<br \/>\n38. Ich singe im Kirchenchor.<br \/>\n39. Dort, aber nur dort, bin ich Alt. \ud83d\ude09<br \/>\n40. Ukulele und Gesang sind meine wichtigsten Arbeitsmittel im Kindergarten.<br \/>\n41. Ich habe eindeutig zu viele Hobbys f\u00fcr das bisschen Zeit.<br \/>\n42. Ich habe drei Axolotl als Haustiere.<br \/>\n43. Ich finde es sehr entspannend, vor dem Aquarium zu sitzen und den dreien zuzuschauen.<br \/>\n44. Ich versuche, t\u00e4glich Yoga zu machen.<\/p>\n","protected":false},"excerpt":{"rendered":"<p>1. Ich bin im s\u00fcdwestlichsten Zipfel Deutschlands geboren und aufgewachsen. 2. Ich habe ein Nordlicht geheiratet. 3. Dieses Nordlichtes wegen bin ich nach Hamburg gezogen. 4. Ich habe Jahre gebraucht, um mich an\u00b4s Stadtleben zu gew\u00f6hnen. 5. Jetzt m\u00f6chte ich das Stadtleben nicht mehr missen, besonders die Strandclubs \ud83d\ude09 6. Wir haben in einem Strandclub [&hellip;]<\/p>\n","protected":false},"author":2,"featured_media":0,"parent":0,"menu_order":0,"comment_status":"open","ping_status":"open","template":"","meta":{"footnotes":""},"class_list":["post-4","page","type-page","status-publish","hentry"],"_links":{"self":[{"href":"https:\/\/www.knitaholic.de\/index.php?rest_route=\/wp\/v2\/pages\/4","targetHints":{"allow":["GET"]}}],"collection":[{"href":"https:\/\/www.knitaholic.de\/index.php?rest_route=\/wp\/v2\/pages"}],"about":[{"href":"https:\/\/www.knitaholic.de\/index.php?rest_route=\/wp\/v2\/types\/page"}],"author":[{"embeddable":true,"href":"https:\/\/www.knitaholic.de\/index.php?rest_route=\/wp\/v2\/users\/2"}],"replies":[{"embeddable":true,"href":"https:\/\/www.knitaholic.de\/index.php?rest_route=%2Fwp%2Fv2%2Fcomments&post=4"}],"version-history":[{"count":2,"href":"https:\/\/www.knitaholic.de\/index.php?rest_route=\/wp\/v2\/pages\/4\/revisions"}],"predecessor-version":[{"id":1609,"href":"https:\/\/www.knitaholic.de\/index.php?rest_route=\/wp\/v2\/pages\/4\/revisions\/1609"}],"wp:attachment":[{"href":"https:\/\/www.knitaholic.de\/index.php?rest_route=%2Fwp%2Fv2%2Fmedia&parent=4"}],"curies":[{"name":"wp","href":"https:\/\/api.w.org\/{rel}","templated":true}]}}